{"id":147,"date":"2023-04-22T19:10:42","date_gmt":"2023-04-22T22:10:42","guid":{"rendered":"http:\/\/localhost:3000\/?page_id=147"},"modified":"2025-03-28T11:12:07","modified_gmt":"2025-03-28T14:12:07","slug":"contatos","status":"publish","type":"page","link":"https:\/\/etcdf.com.br\/?page_id=147","title":{"rendered":"Contatos"},"content":{"rendered":"\t\t<div data-elementor-type=\"wp-page\" data-elementor-id=\"147\" class=\"elementor elementor-147\">\n\t\t\t\t<div class=\"elementor-element elementor-element-a7f3e54 e-flex e-con-boxed e-con e-parent\" data-id=\"a7f3e54\" data-element_type=\"container\" data-settings=\"{&quot;background_background&quot;:&quot;classic&quot;}\">\n\t\t\t\t\t<div class=\"e-con-inner\">\n\t\t\t\t<div class=\"elementor-element elementor-element-4f638b6 elementor-widget elementor-widget-heading\" data-id=\"4f638b6\" data-element_type=\"widget\" data-widget_type=\"heading.default\">\n\t\t\t\t<div class=\"elementor-widget-container\">\n\t\t\t\t\t<h2 class=\"elementor-heading-title elementor-size-default\">Contatos<\/h2>\t\t\t\t<\/div>\n\t\t\t\t<\/div>\n\t\t\t\t\t<\/div>\n\t\t\t\t<\/div>\n\t\t<div class=\"elementor-element elementor-element-e2b15c3 e-flex e-con-boxed e-con e-parent\" data-id=\"e2b15c3\" data-element_type=\"container\">\n\t\t\t\t\t<div class=\"e-con-inner\">\n\t\t<div class=\"elementor-element elementor-element-83af6fe e-con-full e-flex e-con e-child\" data-id=\"83af6fe\" data-element_type=\"container\">\n\t\t\t\t<div class=\"elementor-element elementor-element-e4b0c25 elementor-widget__width-initial elementor-widget elementor-widget-icon-box\" data-id=\"e4b0c25\" data-element_type=\"widget\" data-widget_type=\"icon-box.default\">\n\t\t\t\t<div class=\"elementor-widget-container\">\n\t\t\t\t\t\t\t<div class=\"elementor-icon-box-wrapper\">\n\n\t\t\t\n\t\t\t\t\t\t<div class=\"elementor-icon-box-content\">\n\n\t\t\t\t\t\t\t\t\t<h3 class=\"elementor-icon-box-title\">\n\t\t\t\t\t\t<span  >\n\t\t\t\t\t\t\tGeral\t\t\t\t\t\t<\/span>\n\t\t\t\t\t<\/h3>\n\t\t\t\t\n\t\t\t\t\t\t\t\t\t<p class=\"elementor-icon-box-description\">\n\t\t\t\t\t\tDIRE\u00c7\u00c3O\/ ADMINISTRATIVO \/ COORDENA\u00c7\u00c3O <br><br>\n\nHor\u00e1rio de atendimento <br>\nDe segunda \u00e0 Sexta-feira <br> <br>\n\t\t\t\t\t<\/p>\n\t\t\t\t\n\t\t\t<\/div>\n\t\t\t\n\t\t<\/div>\n\t\t\t\t\t\t<\/div>\n\t\t\t\t<\/div>\n\t\t\t\t<\/div>\n\t\t<div class=\"elementor-element elementor-element-09adfcd e-con-full e-flex e-con e-child\" data-id=\"09adfcd\" data-element_type=\"container\">\n\t\t\t\t<div class=\"elementor-element elementor-element-3de52b1 elementor-widget__width-initial elementor-widget elementor-widget-icon-box\" data-id=\"3de52b1\" data-element_type=\"widget\" data-widget_type=\"icon-box.default\">\n\t\t\t\t<div class=\"elementor-widget-container\">\n\t\t\t\t\t\t\t<div class=\"elementor-icon-box-wrapper\">\n\n\t\t\t\n\t\t\t\t\t\t<div class=\"elementor-icon-box-content\">\n\n\t\t\t\t\t\t\t\t\t<h3 class=\"elementor-icon-box-title\">\n\t\t\t\t\t\t<span  >\n\t\t\t\t\t\t\tSecret\u00e1ria\t\t\t\t\t\t<\/span>\n\t\t\t\t\t<\/h3>\n\t\t\t\t\n\t\t\t\t\t\t\t\t\t<p class=\"elementor-icon-box-description\">\n\t\t\t\t\t\tHor\u00e1rio de atendimento <br>\nDe segunda \u00e0 Quinta-feira <br> <br>\n\nMatutino: 08:00 \u00e0s 11:00 <br>\nVespertino: 14:00 \u00e0s 17:00 <br>\nNoturno: 19:00 \u00e0s 21:00<br>\n\t\t\t\t\t<\/p>\n\t\t\t\t\n\t\t\t<\/div>\n\t\t\t\n\t\t<\/div>\n\t\t\t\t\t\t<\/div>\n\t\t\t\t<\/div>\n\t\t\t\t<\/div>\n\t\t\t\t\t<\/div>\n\t\t\t\t<\/div>\n\t\t<div class=\"elementor-element elementor-element-f76f349 e-flex e-con-boxed e-con e-parent\" data-id=\"f76f349\" data-element_type=\"container\">\n\t\t\t\t\t<div class=\"e-con-inner\">\n\t\t\t\t<div class=\"elementor-element elementor-element-6643003 elementor-widget elementor-widget-google_maps\" data-id=\"6643003\" data-element_type=\"widget\" data-widget_type=\"google_maps.default\">\n\t\t\t\t<div class=\"elementor-widget-container\">\n\t\t\t\t\t\t\t<div class=\"elementor-custom-embed\">\n\t\t\t<iframe loading=\"lazy\"\n\t\t\t\t\tsrc=\"https:\/\/maps.google.com\/maps?q=Escola%20T%C3%A9cnica%20de%20Ceil%C3%A2ndia&#038;t=m&#038;z=14&#038;output=embed&#038;iwloc=near\"\n\t\t\t\t\ttitle=\"Escola T\u00e9cnica de Ceil\u00e2ndia\"\n\t\t\t\t\taria-label=\"Escola T\u00e9cnica de Ceil\u00e2ndia\"\n\t\t\t><\/iframe>\n\t\t<\/div>\n\t\t\t\t\t\t<\/div>\n\t\t\t\t<\/div>\n\t\t\t\t\t<\/div>\n\t\t\t\t<\/div>\n\t\t\t\t<\/div>\n\t\t","protected":false},"excerpt":{"rendered":"<p>Contatos Geral DIRE\u00c7\u00c3O\/ ADMINISTRATIVO \/ COORDENA\u00c7\u00c3O Hor\u00e1rio de atendimento De segunda \u00e0 Sexta-feira Secret\u00e1ria Hor\u00e1rio de atendimento De segunda \u00e0 Quinta-feira Matutino: 08:00 \u00e0s 11:00 Vespertino: 14:00 \u00e0s 17:00 Noturno: 19:00 \u00e0s 21:00<\/p>\n","protected":false},"author":1,"featured_media":0,"parent":0,"menu_order":0,"comment_status":"closed","ping_status":"closed","template":"elementor_header_footer","meta":{"footnotes":""},"class_list":["post-147","page","type-page","status-publish","hentry"],"aioseo_notices":[],"_links":{"self":[{"href":"https:\/\/etcdf.com.br\/index.php?rest_route=\/wp\/v2\/pages\/147","targetHints":{"allow":["GET"]}}],"collection":[{"href":"https:\/\/etcdf.com.br\/index.php?rest_route=\/wp\/v2\/pages"}],"about":[{"href":"https:\/\/etcdf.com.br\/index.php?rest_route=\/wp\/v2\/types\/page"}],"author":[{"embeddable":true,"href":"https:\/\/etcdf.com.br\/index.php?rest_route=\/wp\/v2\/users\/1"}],"replies":[{"embeddable":true,"href":"https:\/\/etcdf.com.br\/index.php?rest_route=%2Fwp%2Fv2%2Fcomments&post=147"}],"version-history":[{"count":37,"href":"https:\/\/etcdf.com.br\/index.php?rest_route=\/wp\/v2\/pages\/147\/revisions"}],"predecessor-version":[{"id":831,"href":"https:\/\/etcdf.com.br\/index.php?rest_route=\/wp\/v2\/pages\/147\/revisions\/831"}],"wp:attachment":[{"href":"https:\/\/etcdf.com.br\/index.php?rest_route=%2Fwp%2Fv2%2Fmedia&parent=147"}],"curies":[{"name":"wp","href":"https:\/\/api.w.org\/{rel}","templated":true}]}}