{"id":47,"date":"2023-04-21T02:36:13","date_gmt":"2023-04-21T05:36:13","guid":{"rendered":"http:\/\/localhost:3000\/?page_id=47"},"modified":"2024-05-19T21:45:52","modified_gmt":"2024-05-20T00:45:52","slug":"projetos","status":"publish","type":"page","link":"https:\/\/etcdf.com.br\/?page_id=47","title":{"rendered":"Biblioteca"},"content":{"rendered":"\t\t<div data-elementor-type=\"wp-page\" data-elementor-id=\"47\" class=\"elementor elementor-47\">\n\t\t\t\t<div class=\"elementor-element elementor-element-c71b32e e-flex e-con-boxed e-con e-parent\" data-id=\"c71b32e\" data-element_type=\"container\" data-settings=\"{&quot;background_background&quot;:&quot;classic&quot;}\">\n\t\t\t\t\t<div class=\"e-con-inner\">\n\t\t\t\t<div class=\"elementor-element elementor-element-def710c elementor-widget elementor-widget-heading\" data-id=\"def710c\" data-element_type=\"widget\" data-widget_type=\"heading.default\">\n\t\t\t\t<div class=\"elementor-widget-container\">\n\t\t\t\t\t<h2 class=\"elementor-heading-title elementor-size-default\">Biblioteca<\/h2>\t\t\t\t<\/div>\n\t\t\t\t<\/div>\n\t\t\t\t\t<\/div>\n\t\t\t\t<\/div>\n\t\t<div class=\"elementor-element elementor-element-ae3fc27 e-flex e-con-boxed e-con e-parent\" data-id=\"ae3fc27\" data-element_type=\"container\">\n\t\t\t\t\t<div class=\"e-con-inner\">\n\t\t<div class=\"elementor-element elementor-element-c819a41 e-con-full e-flex e-con e-child\" data-id=\"c819a41\" data-element_type=\"container\">\n\t\t\t\t<div class=\"elementor-element elementor-element-f465bec elementor-widget elementor-widget-text-editor\" data-id=\"f465bec\" data-element_type=\"widget\" data-widget_type=\"text-editor.default\">\n\t\t\t\t<div class=\"elementor-widget-container\">\n\t\t\t\t\t\t\t\t\t<h2><span style=\"color: #2a5889;font-size: 30px;font-weight: 600\">Hist\u00f3rico<\/span><\/h2><p>A Biblioteca Escolar e Comunit\u00e1ria <strong>\u201cCora Coralina\u201d<\/strong> \u00e9 uma institui\u00e7\u00e3o p\u00fablica da Secretaria do Estado e Educa\u00e7\u00e3o do Distrito Federal. Ela pertence \u00e0 Escola T\u00e9cnica de Ceil\u00e2ndia &#8211; ETC, situada na QNN 14-\u00c1rea Especial-\u00c1rea Especial-Guariroba-Ceil\u00e2ndia Sul-DF, tendo sido inaugurada juntamente com a escola, no dia 21 de maio de 1982.<\/p><p>Seu nome foi escolhido atrav\u00e9s de concurso, onde participaram, alunos professores e funcion\u00e1rios, sendo o nome vencedor Cora Coralina, em homenagem a conhecida poetisa goiana, pela sua beleza po\u00e9tica e por expressar o esp\u00edrito simples e lutador do povo goiano e principalmente, por todos os princ\u00edpios e valores espirituais que ela exprime e defende.<\/p>\t\t\t\t\t\t\t\t<\/div>\n\t\t\t\t<\/div>\n\t\t\t\t<div class=\"elementor-element elementor-element-edaf54e elementor-widget elementor-widget-text-editor\" data-id=\"edaf54e\" data-element_type=\"widget\" data-widget_type=\"text-editor.default\">\n\t\t\t\t<div class=\"elementor-widget-container\">\n\t\t\t\t\t\t\t\t\t<h2><span style=\"color: #2a5889\"><strong>Descri\u00e7\u00e3o<\/strong><\/span><\/h2><p>A biblioteca possui tr\u00eas espa\u00e7os de uso:<\/p><ul><li>Recep\u00e7\u00e3o<\/li><li>Sal\u00e3o de estudos<\/li><li>Espa\u00e7o de conviv\u00eancia ao ar livre.<\/li><\/ul><p>Na <strong>recep\u00e7\u00e3o<\/strong> temos arm\u00e1rios numerados e com chave para que os usu\u00e1rios possam guardar com seguran\u00e7a os seus pertences.<\/p><p>No <strong>sal\u00e3o de estudos<\/strong> temos estantes de livros ; espa\u00e7o destinado \u00e0 leitura; pesquisa; estudos em grupos e individualizados; 4 computadores com acesso a internet<\/p><p>Na <strong>\u00e1rea de conviv\u00eancia<\/strong> temos mesas e bancos ao ar livre para estudos e\/ou atividades pedag\u00f3gicas e de lazer.<\/p>\t\t\t\t\t\t\t\t<\/div>\n\t\t\t\t<\/div>\n\t\t\t\t<\/div>\n\t\t<div class=\"elementor-element elementor-element-755dbc2 e-con-full e-flex e-con e-child\" data-id=\"755dbc2\" data-element_type=\"container\">\n\t\t\t\t<div class=\"elementor-element elementor-element-90f0b00 elementor-widget elementor-widget-image\" data-id=\"90f0b00\" data-element_type=\"widget\" data-widget_type=\"image.default\">\n\t\t\t\t<div class=\"elementor-widget-container\">\n\t\t\t\t\t\t\t\t\t\t\t\t\t\t\t<img fetchpriority=\"high\" decoding=\"async\" width=\"382\" height=\"510\" src=\"https:\/\/etcdf.com.br\/wp-content\/uploads\/2024\/05\/etcBiblioteca01.jpg\" class=\"attachment-large size-large wp-image-717\" alt=\"\" srcset=\"https:\/\/etcdf.com.br\/wp-content\/uploads\/2024\/05\/etcBiblioteca01.jpg 382w, https:\/\/etcdf.com.br\/wp-content\/uploads\/2024\/05\/etcBiblioteca01-225x300.jpg 225w\" sizes=\"(max-width: 382px) 100vw, 382px\" \/>\t\t\t\t\t\t\t\t\t\t\t\t\t\t\t<\/div>\n\t\t\t\t<\/div>\n\t\t\t\t<div class=\"elementor-element elementor-element-bb0cd6e elementor-widget elementor-widget-image\" data-id=\"bb0cd6e\" data-element_type=\"widget\" data-widget_type=\"image.default\">\n\t\t\t\t<div class=\"elementor-widget-container\">\n\t\t\t\t\t\t\t\t\t\t\t\t\t\t\t<img decoding=\"async\" width=\"680\" height=\"510\" src=\"https:\/\/etcdf.com.br\/wp-content\/uploads\/2024\/05\/etcBiblioteca02.jpg\" class=\"attachment-large size-large wp-image-718\" alt=\"\" srcset=\"https:\/\/etcdf.com.br\/wp-content\/uploads\/2024\/05\/etcBiblioteca02.jpg 680w, https:\/\/etcdf.com.br\/wp-content\/uploads\/2024\/05\/etcBiblioteca02-300x225.jpg 300w\" sizes=\"(max-width: 680px) 100vw, 680px\" \/>\t\t\t\t\t\t\t\t\t\t\t\t\t\t\t<\/div>\n\t\t\t\t<\/div>\n\t\t\t\t<\/div>\n\t\t\t\t\t<\/div>\n\t\t\t\t<\/div>\n\t\t\t\t<\/div>\n\t\t","protected":false},"excerpt":{"rendered":"<p>Biblioteca Hist\u00f3rico A Biblioteca Escolar e Comunit\u00e1ria \u201cCora Coralina\u201d \u00e9 uma institui\u00e7\u00e3o p\u00fablica da Secretaria do Estado e Educa\u00e7\u00e3o do Distrito Federal. Ela pertence \u00e0 Escola T\u00e9cnica de Ceil\u00e2ndia &#8211; ETC, situada na QNN 14-\u00c1rea Especial-\u00c1rea Especial-Guariroba-Ceil\u00e2ndia Sul-DF, tendo sido inaugurada juntamente com a escola, no dia 21 de maio de 1982. Seu nome foi [&hellip;]<\/p>\n","protected":false},"author":1,"featured_media":0,"parent":0,"menu_order":0,"comment_status":"closed","ping_status":"closed","template":"elementor_header_footer","meta":{"footnotes":""},"class_list":["post-47","page","type-page","status-publish","hentry"],"aioseo_notices":[],"_links":{"self":[{"href":"https:\/\/etcdf.com.br\/index.php?rest_route=\/wp\/v2\/pages\/47","targetHints":{"allow":["GET"]}}],"collection":[{"href":"https:\/\/etcdf.com.br\/index.php?rest_route=\/wp\/v2\/pages"}],"about":[{"href":"https:\/\/etcdf.com.br\/index.php?rest_route=\/wp\/v2\/types\/page"}],"author":[{"embeddable":true,"href":"https:\/\/etcdf.com.br\/index.php?rest_route=\/wp\/v2\/users\/1"}],"replies":[{"embeddable":true,"href":"https:\/\/etcdf.com.br\/index.php?rest_route=%2Fwp%2Fv2%2Fcomments&post=47"}],"version-history":[{"count":44,"href":"https:\/\/etcdf.com.br\/index.php?rest_route=\/wp\/v2\/pages\/47\/revisions"}],"predecessor-version":[{"id":745,"href":"https:\/\/etcdf.com.br\/index.php?rest_route=\/wp\/v2\/pages\/47\/revisions\/745"}],"wp:attachment":[{"href":"https:\/\/etcdf.com.br\/index.php?rest_route=%2Fwp%2Fv2%2Fmedia&parent=47"}],"curies":[{"name":"wp","href":"https:\/\/api.w.org\/{rel}","templated":true}]}}