{"id":54,"date":"2023-04-21T23:19:18","date_gmt":"2023-04-22T02:19:18","guid":{"rendered":"http:\/\/localhost:3000\/?page_id=54"},"modified":"2025-03-27T09:26:14","modified_gmt":"2025-03-27T12:26:14","slug":"tecnicos-presenciais","status":"publish","type":"page","link":"https:\/\/etcdf.com.br\/?page_id=54","title":{"rendered":"T\u00e9cnicos Presenciais"},"content":{"rendered":"\t\t<div data-elementor-type=\"wp-page\" data-elementor-id=\"54\" class=\"elementor elementor-54\">\n\t\t\t\t<div class=\"elementor-element elementor-element-66be237 e-flex e-con-boxed e-con e-parent\" data-id=\"66be237\" data-element_type=\"container\" data-settings=\"{&quot;background_background&quot;:&quot;classic&quot;}\">\n\t\t\t\t\t<div class=\"e-con-inner\">\n\t\t\t\t<div class=\"elementor-element elementor-element-8b4cdce elementor-widget elementor-widget-heading\" data-id=\"8b4cdce\" data-element_type=\"widget\" data-widget_type=\"heading.default\">\n\t\t\t\t<div class=\"elementor-widget-container\">\n\t\t\t\t\t<h2 class=\"elementor-heading-title elementor-size-default\">T\u00e9cnicos Presenciais<\/h2>\t\t\t\t<\/div>\n\t\t\t\t<\/div>\n\t\t\t\t\t<\/div>\n\t\t\t\t<\/div>\n\t\t<div class=\"elementor-element elementor-element-548b060 e-flex e-con-boxed e-con e-parent\" data-id=\"548b060\" data-element_type=\"container\">\n\t\t\t\t\t<div class=\"e-con-inner\">\n\t\t<div class=\"elementor-element elementor-element-757353f e-con-full e-flex e-con e-child\" data-id=\"757353f\" data-element_type=\"container\">\n\t\t\t\t<div class=\"elementor-element elementor-element-221b2a1 elementor-widget elementor-widget-text-editor\" data-id=\"221b2a1\" data-element_type=\"widget\" data-widget_type=\"text-editor.default\">\n\t\t\t\t<div class=\"elementor-widget-container\">\n\t\t\t\t\t\t\t\t\t<p>Nesse tipo de curso, os estudantes frequentam a institui\u00e7\u00e3o de ensino regularmente, comparecendo \u00e0s aulas presenciais, participando de atividades pr\u00e1ticas e interagindo diretamente com os professores e colegas.<\/p><p>Os cursos t\u00e9cnicos presenciais t\u00eam como objetivo principal capacitar os alunos em habilidades e conhecimentos espec\u00edficos de determinada \u00e1rea profissional. Eles oferecem uma forma\u00e7\u00e3o mais pr\u00e1tica e voltada para o mercado de trabalho, preparando os estudantes para exercerem fun\u00e7\u00f5es t\u00e9cnicas e ocuparem posi\u00e7\u00f5es em diversos setores da economia.<\/p>\t\t\t\t\t\t\t\t<\/div>\n\t\t\t\t<\/div>\n\t\t\t\t<\/div>\n\t\t<div class=\"elementor-element elementor-element-b082352 e-con-full e-flex e-con e-child\" data-id=\"b082352\" data-element_type=\"container\">\n\t\t\t\t<div class=\"elementor-element elementor-element-0701565 elementor-widget elementor-widget-image\" data-id=\"0701565\" data-element_type=\"widget\" data-widget_type=\"image.default\">\n\t\t\t\t<div class=\"elementor-widget-container\">\n\t\t\t\t\t\t\t\t\t\t\t\t\t\t\t<img fetchpriority=\"high\" decoding=\"async\" width=\"300\" height=\"300\" src=\"https:\/\/etcdf.com.br\/wp-content\/uploads\/2023\/05\/tecnico2-300x300.png\" class=\"attachment-medium size-medium wp-image-351\" alt=\"\" srcset=\"https:\/\/etcdf.com.br\/wp-content\/uploads\/2023\/05\/tecnico2-300x300.png 300w, https:\/\/etcdf.com.br\/wp-content\/uploads\/2023\/05\/tecnico2-150x150.png 150w, https:\/\/etcdf.com.br\/wp-content\/uploads\/2023\/05\/tecnico2.png 500w\" sizes=\"(max-width: 300px) 100vw, 300px\" \/>\t\t\t\t\t\t\t\t\t\t\t\t\t\t\t<\/div>\n\t\t\t\t<\/div>\n\t\t\t\t<\/div>\n\t\t\t\t\t<\/div>\n\t\t\t\t<\/div>\n\t\t<div class=\"elementor-element elementor-element-74c9f41 e-flex e-con-boxed e-con e-parent\" data-id=\"74c9f41\" data-element_type=\"container\">\n\t\t\t\t\t<div class=\"e-con-inner\">\n\t\t\t\t<div class=\"elementor-element elementor-element-501f2cb elementor-widget elementor-widget-icon-box\" data-id=\"501f2cb\" data-element_type=\"widget\" data-widget_type=\"icon-box.default\">\n\t\t\t\t<div class=\"elementor-widget-container\">\n\t\t\t\t\t\t\t<div class=\"elementor-icon-box-wrapper\">\n\n\t\t\t\n\t\t\t\t\t\t<div class=\"elementor-icon-box-content\">\n\n\t\t\t\t\t\t\t\t\t<h3 class=\"elementor-icon-box-title\">\n\t\t\t\t\t\t<span  >\n\t\t\t\t\t\t\tT\u00e9cnico em Administra\u00e7\u00e3o\t\t\t\t\t\t<\/span>\n\t\t\t\t\t<\/h3>\n\t\t\t\t\n\t\t\t\t\t\t\t\t\t<p class=\"elementor-icon-box-description\">\n\t\t\t\t\t\tO curso T\u00e9cnico em Administra\u00e7\u00e3o \u00e9 uma forma\u00e7\u00e3o profissionalizante que prepara os estudantes para atuarem em diversas \u00e1reas da gest\u00e3o de empresas e organiza\u00e7\u00f5es. \u00c9 uma op\u00e7\u00e3o interessante para aqueles que desejam adquirir conhecimentos e habilidades pr\u00e1ticas relacionadas \u00e0 administra\u00e7\u00e3o, seja para ingressar no mercado de trabalho ou para aprimorar suas compet\u00eancias profissionais. Ao concluir o curso T\u00e9cnico em Administra\u00e7\u00e3o, os estudantes estar\u00e3o aptos a desempenhar fun\u00e7\u00f5es como assistente administrativo, auxiliar de escrit\u00f3rio, assistente de recursos humanos, assistente de compras, assistente financeiro, entre outras. Essa forma\u00e7\u00e3o oferece oportunidades de emprego em empresas de diferentes setores e tamanhos, assim como em \u00f3rg\u00e3os p\u00fablicos e organiza\u00e7\u00f5es n\u00e3o governamentais.\t\t\t\t\t<\/p>\n\t\t\t\t\n\t\t\t<\/div>\n\t\t\t\n\t\t<\/div>\n\t\t\t\t\t\t<\/div>\n\t\t\t\t<\/div>\n\t\t\t\t<div class=\"elementor-element elementor-element-df41ce1 elementor-widget elementor-widget-button\" data-id=\"df41ce1\" data-element_type=\"widget\" data-widget_type=\"button.default\">\n\t\t\t\t<div class=\"elementor-widget-container\">\n\t\t\t\t\t\t\t\t\t<div class=\"elementor-button-wrapper\">\n\t\t\t\t\t<a class=\"elementor-button elementor-button-link elementor-size-sm\" href=\"#\">\n\t\t\t\t\t\t<span class=\"elementor-button-content-wrapper\">\n\t\t\t\t\t\t\t\t\t<span class=\"elementor-button-text\">Plano de curso<\/span>\n\t\t\t\t\t<\/span>\n\t\t\t\t\t<\/a>\n\t\t\t\t<\/div>\n\t\t\t\t\t\t\t\t<\/div>\n\t\t\t\t<\/div>\n\t\t\t\t<div class=\"elementor-element elementor-element-0672b4e elementor-widget elementor-widget-icon-box\" data-id=\"0672b4e\" data-element_type=\"widget\" data-widget_type=\"icon-box.default\">\n\t\t\t\t<div class=\"elementor-widget-container\">\n\t\t\t\t\t\t\t<div class=\"elementor-icon-box-wrapper\">\n\n\t\t\t\n\t\t\t\t\t\t<div class=\"elementor-icon-box-content\">\n\n\t\t\t\t\t\t\t\t\t<h3 class=\"elementor-icon-box-title\">\n\t\t\t\t\t\t<span  >\n\t\t\t\t\t\t\tT\u00e9cnico em Inform\u00e1tica\t\t\t\t\t\t<\/span>\n\t\t\t\t\t<\/h3>\n\t\t\t\t\n\t\t\t\t\t\t\t\t\t<p class=\"elementor-icon-box-description\">\n\t\t\t\t\t\tO curso T\u00e9cnico em Inform\u00e1tica \u00e9 uma forma\u00e7\u00e3o profissionalizante que prepara os estudantes para atuarem na \u00e1rea de tecnologia da informa\u00e7\u00e3o. \u00c9 uma op\u00e7\u00e3o interessante para aqueles que desejam adquirir conhecimentos e habilidades pr\u00e1ticas relacionadas \u00e0 inform\u00e1tica, seja para ingressar no mercado de trabalho ou para aprimorar suas compet\u00eancias na \u00e1rea. Ao concluir o curso T\u00e9cnico em Inform\u00e1tica, os estudantes estar\u00e3o aptos a desempenhar fun\u00e7\u00f5es como t\u00e9cnico de suporte, desenvolvedor de sistemas, t\u00e9cnico de redes, entre outras. Essa forma\u00e7\u00e3o oferece oportunidades de emprego em empresas de tecnologia, consultorias, \u00f3rg\u00e3os p\u00fablicos, institui\u00e7\u00f5es de ensino, e tamb\u00e9m pode abrir portas para o empreendedorismo, permitindo que os formados criem seus pr\u00f3prios neg\u00f3cios na \u00e1rea de tecnologia.\t\t\t\t\t<\/p>\n\t\t\t\t\n\t\t\t<\/div>\n\t\t\t\n\t\t<\/div>\n\t\t\t\t\t\t<\/div>\n\t\t\t\t<\/div>\n\t\t\t\t<div class=\"elementor-element elementor-element-6a54b3f elementor-widget elementor-widget-button\" data-id=\"6a54b3f\" data-element_type=\"widget\" data-widget_type=\"button.default\">\n\t\t\t\t<div class=\"elementor-widget-container\">\n\t\t\t\t\t\t\t\t\t<div class=\"elementor-button-wrapper\">\n\t\t\t\t\t<a class=\"elementor-button elementor-button-link elementor-size-sm\" href=\"#\">\n\t\t\t\t\t\t<span class=\"elementor-button-content-wrapper\">\n\t\t\t\t\t\t\t\t\t<span class=\"elementor-button-text\">Plano de curso<\/span>\n\t\t\t\t\t<\/span>\n\t\t\t\t\t<\/a>\n\t\t\t\t<\/div>\n\t\t\t\t\t\t\t\t<\/div>\n\t\t\t\t<\/div>\n\t\t\t\t<div class=\"elementor-element elementor-element-312914d elementor-widget elementor-widget-icon-box\" data-id=\"312914d\" data-element_type=\"widget\" data-widget_type=\"icon-box.default\">\n\t\t\t\t<div class=\"elementor-widget-container\">\n\t\t\t\t\t\t\t<div class=\"elementor-icon-box-wrapper\">\n\n\t\t\t\n\t\t\t\t\t\t<div class=\"elementor-icon-box-content\">\n\n\t\t\t\t\t\t\t\t\t<h3 class=\"elementor-icon-box-title\">\n\t\t\t\t\t\t<span  >\n\t\t\t\t\t\t\tT\u00e9cnico em Log\u00edstica\t\t\t\t\t\t<\/span>\n\t\t\t\t\t<\/h3>\n\t\t\t\t\n\t\t\t\t\t\t\t\t\t<p class=\"elementor-icon-box-description\">\n\t\t\t\t\t\tO curso T\u00e9cnico em Log\u00edstica \u00e9 uma forma\u00e7\u00e3o profissionalizante que prepara os estudantes para atuarem na \u00e1rea de log\u00edstica, um campo essencial para a gest\u00e3o eficiente de cadeias de suprimentos e distribui\u00e7\u00e3o de produtos e servi\u00e7os. \u00c9 uma op\u00e7\u00e3o interessante para aqueles que desejam adquirir conhecimentos e habilidades pr\u00e1ticas relacionadas \u00e0 organiza\u00e7\u00e3o e controle de processos log\u00edsticos. Ao concluir o curso T\u00e9cnico em Log\u00edstica, os estudantes estar\u00e3o aptos a desempenhar fun\u00e7\u00f5es como assistente de log\u00edstica, analista de estoques, coordenador de distribui\u00e7\u00e3o, supervisor de transporte, entre outras. Essa forma\u00e7\u00e3o oferece oportunidades de emprego em empresas de log\u00edstica, ind\u00fastrias, com\u00e9rcio, operadores log\u00edsticos, empresas de transporte e distribui\u00e7\u00e3o, e tamb\u00e9m pode abrir portas para o empreendedorismo, permitindo que os formados criem seus pr\u00f3prios neg\u00f3cios na \u00e1rea.\t\t\t\t\t<\/p>\n\t\t\t\t\n\t\t\t<\/div>\n\t\t\t\n\t\t<\/div>\n\t\t\t\t\t\t<\/div>\n\t\t\t\t<\/div>\n\t\t\t\t<div class=\"elementor-element elementor-element-17fe095 elementor-widget elementor-widget-button\" data-id=\"17fe095\" data-element_type=\"widget\" data-widget_type=\"button.default\">\n\t\t\t\t<div class=\"elementor-widget-container\">\n\t\t\t\t\t\t\t\t\t<div class=\"elementor-button-wrapper\">\n\t\t\t\t\t<a class=\"elementor-button elementor-button-link elementor-size-sm\" href=\"#\">\n\t\t\t\t\t\t<span class=\"elementor-button-content-wrapper\">\n\t\t\t\t\t\t\t\t\t<span class=\"elementor-button-text\">Plano de curso<\/span>\n\t\t\t\t\t<\/span>\n\t\t\t\t\t<\/a>\n\t\t\t\t<\/div>\n\t\t\t\t\t\t\t\t<\/div>\n\t\t\t\t<\/div>\n\t\t\t\t<div class=\"elementor-element elementor-element-81393b8 elementor-widget elementor-widget-icon-box\" data-id=\"81393b8\" data-element_type=\"widget\" data-widget_type=\"icon-box.default\">\n\t\t\t\t<div class=\"elementor-widget-container\">\n\t\t\t\t\t\t\t<div class=\"elementor-icon-box-wrapper\">\n\n\t\t\t\n\t\t\t\t\t\t<div class=\"elementor-icon-box-content\">\n\n\t\t\t\t\t\t\t\t\t<h3 class=\"elementor-icon-box-title\">\n\t\t\t\t\t\t<span  >\n\t\t\t\t\t\t\tT\u00e9cnico em Recursos Humanos\t\t\t\t\t\t<\/span>\n\t\t\t\t\t<\/h3>\n\t\t\t\t\n\t\t\t\t\t\t\t\t\t<p class=\"elementor-icon-box-description\">\n\t\t\t\t\t\tO curso T\u00e9cnico em Recursos Humanos \u00e9 uma forma\u00e7\u00e3o profissionalizante voltada para o desenvolvimento de compet\u00eancias relacionadas \u00e0 gest\u00e3o de pessoas nas organiza\u00e7\u00f5es. Este curso capacita os estudantes a atuarem nas \u00e1reas de recrutamento, sele\u00e7\u00e3o, treinamento, desenvolvimento de pessoas, al\u00e9m de pr\u00e1ticas de administra\u00e7\u00e3o de pessoal, folha de pagamento e legisla\u00e7\u00e3o trabalhista. Com uma forma\u00e7\u00e3o pr\u00e1tica e te\u00f3rica, o T\u00e9cnico em Recursos Humanos est\u00e1 preparado para trabalhar em empresas de diversos setores, auxiliando na constru\u00e7\u00e3o de equipes eficientes, no desenvolvimento de ambientes de trabalho positivos e no cumprimento das normas trabalhistas. Ao concluir o curso, o estudante pode atuar em diferentes segmentos, como consultorias de RH, departamentos de recursos humanos de empresas privadas e p\u00fablicas, al\u00e9m de tamb\u00e9m ter a possibilidade de empreender, criando solu\u00e7\u00f5es na \u00e1rea de gest\u00e3o de pessoas.\t\t\t\t\t<\/p>\n\t\t\t\t\n\t\t\t<\/div>\n\t\t\t\n\t\t<\/div>\n\t\t\t\t\t\t<\/div>\n\t\t\t\t<\/div>\n\t\t\t\t<div class=\"elementor-element elementor-element-42cf139 elementor-widget elementor-widget-button\" data-id=\"42cf139\" data-element_type=\"widget\" data-widget_type=\"button.default\">\n\t\t\t\t<div class=\"elementor-widget-container\">\n\t\t\t\t\t\t\t\t\t<div class=\"elementor-button-wrapper\">\n\t\t\t\t\t<a class=\"elementor-button elementor-button-link elementor-size-sm\" href=\"#\">\n\t\t\t\t\t\t<span class=\"elementor-button-content-wrapper\">\n\t\t\t\t\t\t\t\t\t<span class=\"elementor-button-text\">Plano de curso<\/span>\n\t\t\t\t\t<\/span>\n\t\t\t\t\t<\/a>\n\t\t\t\t<\/div>\n\t\t\t\t\t\t\t\t<\/div>\n\t\t\t\t<\/div>\n\t\t\t\t\t<\/div>\n\t\t\t\t<\/div>\n\t\t\t\t<\/div>\n\t\t","protected":false},"excerpt":{"rendered":"<p>T\u00e9cnicos Presenciais Nesse tipo de curso, os estudantes frequentam a institui\u00e7\u00e3o de ensino regularmente, comparecendo \u00e0s aulas presenciais, participando de atividades pr\u00e1ticas e interagindo diretamente com os professores e colegas. Os cursos t\u00e9cnicos presenciais t\u00eam como objetivo principal capacitar os alunos em habilidades e conhecimentos espec\u00edficos de determinada \u00e1rea profissional. Eles oferecem uma forma\u00e7\u00e3o mais [&hellip;]<\/p>\n","protected":false},"author":1,"featured_media":0,"parent":0,"menu_order":0,"comment_status":"closed","ping_status":"closed","template":"elementor_header_footer","meta":{"footnotes":""},"class_list":["post-54","page","type-page","status-publish","hentry"],"aioseo_notices":[],"_links":{"self":[{"href":"https:\/\/etcdf.com.br\/index.php?rest_route=\/wp\/v2\/pages\/54","targetHints":{"allow":["GET"]}}],"collection":[{"href":"https:\/\/etcdf.com.br\/index.php?rest_route=\/wp\/v2\/pages"}],"about":[{"href":"https:\/\/etcdf.com.br\/index.php?rest_route=\/wp\/v2\/types\/page"}],"author":[{"embeddable":true,"href":"https:\/\/etcdf.com.br\/index.php?rest_route=\/wp\/v2\/users\/1"}],"replies":[{"embeddable":true,"href":"https:\/\/etcdf.com.br\/index.php?rest_route=%2Fwp%2Fv2%2Fcomments&post=54"}],"version-history":[{"count":52,"href":"https:\/\/etcdf.com.br\/index.php?rest_route=\/wp\/v2\/pages\/54\/revisions"}],"predecessor-version":[{"id":788,"href":"https:\/\/etcdf.com.br\/index.php?rest_route=\/wp\/v2\/pages\/54\/revisions\/788"}],"wp:attachment":[{"href":"https:\/\/etcdf.com.br\/index.php?rest_route=%2Fwp%2Fv2%2Fmedia&parent=54"}],"curies":[{"name":"wp","href":"https:\/\/api.w.org\/{rel}","templated":true}]}}