{"id":56,"date":"2023-04-21T23:19:40","date_gmt":"2023-04-22T02:19:40","guid":{"rendered":"http:\/\/localhost:3000\/?page_id=56"},"modified":"2023-08-16T13:58:27","modified_gmt":"2023-08-16T16:58:27","slug":"tecnicos-a-distancia","status":"publish","type":"page","link":"https:\/\/etcdf.com.br\/?page_id=56","title":{"rendered":"T\u00e9cnicos a Dist\u00e2ncia"},"content":{"rendered":"\t\t<div data-elementor-type=\"wp-page\" data-elementor-id=\"56\" class=\"elementor elementor-56\">\n\t\t\t\t<div class=\"elementor-element elementor-element-50bf4fa e-flex e-con-boxed e-con e-parent\" data-id=\"50bf4fa\" data-element_type=\"container\" data-settings=\"{&quot;background_background&quot;:&quot;classic&quot;}\">\n\t\t\t\t\t<div class=\"e-con-inner\">\n\t\t\t\t<div class=\"elementor-element elementor-element-3a66ea4 elementor-widget elementor-widget-heading\" data-id=\"3a66ea4\" data-element_type=\"widget\" data-widget_type=\"heading.default\">\n\t\t\t\t<div class=\"elementor-widget-container\">\n\t\t\t\t\t<h2 class=\"elementor-heading-title elementor-size-default\">T\u00e9cnicos a Dist\u00e2ncia<\/h2>\t\t\t\t<\/div>\n\t\t\t\t<\/div>\n\t\t\t\t\t<\/div>\n\t\t\t\t<\/div>\n\t\t<div class=\"elementor-element elementor-element-06346a7 e-flex e-con-boxed e-con e-parent\" data-id=\"06346a7\" data-element_type=\"container\">\n\t\t\t\t\t<div class=\"e-con-inner\">\n\t\t<div class=\"elementor-element elementor-element-90b57d3 e-con-full e-flex e-con e-parent\" data-id=\"90b57d3\" data-element_type=\"container\">\n\t\t\t\t<div class=\"elementor-element elementor-element-8038af6 elementor-widget elementor-widget-text-editor\" data-id=\"8038af6\" data-element_type=\"widget\" data-widget_type=\"text-editor.default\">\n\t\t\t\t<div class=\"elementor-widget-container\">\n\t\t\t\t\t\t\t\t\t<p>Um curso t\u00e9cnico a dist\u00e2ncia \u00e9 uma modalidade de ensino que oferece forma\u00e7\u00e3o profissional em uma determinada \u00e1rea, por\u00e9m, diferentemente dos cursos presenciais, as aulas e atividades s\u00e3o realizadas remotamente, por meio da internet e cada disciplina oferece 20% de sua carga-hor\u00e1ria presencialmente. Essa modalidade de ensino permite que os estudantes tenham flexibilidade de hor\u00e1rios e possam estudar de qualquer lugar, desde que tenham acesso a um dispositivo com conex\u00e3o \u00e0 internet.<\/p>\t\t\t\t\t\t\t\t<\/div>\n\t\t\t\t<\/div>\n\t\t\t\t<\/div>\n\t\t<div class=\"elementor-element elementor-element-cd75b6b e-con-full e-flex e-con e-parent\" data-id=\"cd75b6b\" data-element_type=\"container\">\n\t\t\t\t<div class=\"elementor-element elementor-element-ed77a67 elementor-widget elementor-widget-image\" data-id=\"ed77a67\" data-element_type=\"widget\" data-widget_type=\"image.default\">\n\t\t\t\t<div class=\"elementor-widget-container\">\n\t\t\t\t\t\t\t\t\t\t\t\t\t\t\t<img fetchpriority=\"high\" decoding=\"async\" width=\"300\" height=\"300\" src=\"https:\/\/etcdf.com.br\/wp-content\/uploads\/2023\/05\/tecnico-300x300.png\" class=\"attachment-medium size-medium wp-image-330\" alt=\"\" srcset=\"https:\/\/etcdf.com.br\/wp-content\/uploads\/2023\/05\/tecnico-300x300.png 300w, https:\/\/etcdf.com.br\/wp-content\/uploads\/2023\/05\/tecnico-150x150.png 150w, https:\/\/etcdf.com.br\/wp-content\/uploads\/2023\/05\/tecnico.png 500w\" sizes=\"(max-width: 300px) 100vw, 300px\" \/>\t\t\t\t\t\t\t\t\t\t\t\t\t\t\t<\/div>\n\t\t\t\t<\/div>\n\t\t\t\t<\/div>\n\t\t\t\t\t<\/div>\n\t\t\t\t<\/div>\n\t\t<div class=\"elementor-element elementor-element-c002684 e-flex e-con-boxed e-con e-parent\" data-id=\"c002684\" data-element_type=\"container\">\n\t\t\t\t\t<div class=\"e-con-inner\">\n\t\t\t\t<div class=\"elementor-element elementor-element-c929459 elementor-widget elementor-widget-icon-box\" data-id=\"c929459\" data-element_type=\"widget\" data-widget_type=\"icon-box.default\">\n\t\t\t\t<div class=\"elementor-widget-container\">\n\t\t\t\t\t\t\t<div class=\"elementor-icon-box-wrapper\">\n\n\t\t\t\n\t\t\t\t\t\t<div class=\"elementor-icon-box-content\">\n\n\t\t\t\t\t\t\t\t\t<h3 class=\"elementor-icon-box-title\">\n\t\t\t\t\t\t<span  >\n\t\t\t\t\t\t\tT\u00e9cnico em Administra\u00e7\u00e3o Integrado \u00e0 Educa\u00e7\u00e3o de Jovens e Adultos - EJA\t\t\t\t\t\t<\/span>\n\t\t\t\t\t<\/h3>\n\t\t\t\t\n\t\t\t\t\t\t\t\t\t<p class=\"elementor-icon-box-description\">\n\t\t\t\t\t\tUm curso a dist\u00e2ncia de T\u00e9cnico em Administra\u00e7\u00e3o PROEJA (Programa Nacional de Integra\u00e7\u00e3o da Educa\u00e7\u00e3o Profissional com a Educa\u00e7\u00e3o B\u00e1sica na Modalidade de Educa\u00e7\u00e3o de Jovens e Adultos) \u00e9 uma oportunidade de forma\u00e7\u00e3o profissional para pessoas que desejam obter conhecimentos na \u00e1rea de administra\u00e7\u00e3o, conciliando essa forma\u00e7\u00e3o com a conclus\u00e3o do ensino m\u00e9dio ou seja, oferecemos a forma\u00e7\u00e3o t\u00e9cnica conjugada com a forma\u00e7\u00e3o do ensino m\u00e9dio. Durante o curso, os estudantes aprender\u00e3o conceitos e pr\u00e1ticas relacionadas \u00e0 administra\u00e7\u00e3o de empresas, tais como gest\u00e3o de recursos humanos, marketing, finan\u00e7as, log\u00edstica, entre outros. Al\u00e9m disso, desenvolver\u00e3o habilidades t\u00e9cnicas e profissionais que s\u00e3o essenciais para atuar no mercado de trabalho, como trabalho em equipe, lideran\u00e7a, comunica\u00e7\u00e3o eficaz e resolu\u00e7\u00e3o de problemas.\n\t\t\t\t\t<\/p>\n\t\t\t\t\n\t\t\t<\/div>\n\t\t\t\n\t\t<\/div>\n\t\t\t\t\t\t<\/div>\n\t\t\t\t<\/div>\n\t\t\t\t<div class=\"elementor-element elementor-element-94af514 elementor-widget elementor-widget-button\" data-id=\"94af514\" data-element_type=\"widget\" data-settings=\"{&quot;_animation&quot;:&quot;none&quot;}\" data-widget_type=\"button.default\">\n\t\t\t\t<div class=\"elementor-widget-container\">\n\t\t\t\t\t\t\t\t\t<div class=\"elementor-button-wrapper\">\n\t\t\t\t\t<a class=\"elementor-button elementor-button-link elementor-size-sm\" href=\"#\">\n\t\t\t\t\t\t<span class=\"elementor-button-content-wrapper\">\n\t\t\t\t\t\t\t\t\t<span class=\"elementor-button-text\">Plano de curso<\/span>\n\t\t\t\t\t<\/span>\n\t\t\t\t\t<\/a>\n\t\t\t\t<\/div>\n\t\t\t\t\t\t\t\t<\/div>\n\t\t\t\t<\/div>\n\t\t\t\t\t<\/div>\n\t\t\t\t<\/div>\n\t\t<div class=\"elementor-element elementor-element-39e0c43 e-flex e-con-boxed e-con e-parent\" data-id=\"39e0c43\" data-element_type=\"container\">\n\t\t\t\t\t<div class=\"e-con-inner\">\n\t\t\t\t<div class=\"elementor-element elementor-element-b50970a elementor-widget elementor-widget-icon-box\" data-id=\"b50970a\" data-element_type=\"widget\" data-widget_type=\"icon-box.default\">\n\t\t\t\t<div class=\"elementor-widget-container\">\n\t\t\t\t\t\t\t<div class=\"elementor-icon-box-wrapper\">\n\n\t\t\t\n\t\t\t\t\t\t<div class=\"elementor-icon-box-content\">\n\n\t\t\t\t\t\t\t\t\t<h3 class=\"elementor-icon-box-title\">\n\t\t\t\t\t\t<span  >\n\t\t\t\t\t\t\tT\u00e9cnico em Inform\u00e1tica Integrado \u00e0 Educa\u00e7\u00e3o de Jovens e Adultos - EJA\t\t\t\t\t\t<\/span>\n\t\t\t\t\t<\/h3>\n\t\t\t\t\n\t\t\t\t\t\t\t\t\t<p class=\"elementor-icon-box-description\">\n\t\t\t\t\t\tUm curso a dist\u00e2ncia de T\u00e9cnico em Inform\u00e1tica PROEJA (Programa Nacional de Integra\u00e7\u00e3o da Educa\u00e7\u00e3o Profissional com a Educa\u00e7\u00e3o B\u00e1sica na Modalidade de Educa\u00e7\u00e3o de Jovens e Adultos) \u00e9 uma oportunidade de forma\u00e7\u00e3o profissional na \u00e1rea de tecnologia da informa\u00e7\u00e3o para jovens e adultos que desejam adquirir conhecimentos na \u00e1rea de inform\u00e1tica, ao mesmo tempo em que concluem o ensino m\u00e9dio ou seja, oferecemos a forma\u00e7\u00e3o t\u00e9cnica conjugada com a forma\u00e7\u00e3o do ensino m\u00e9dio. Durante o curso, os estudantes aprender\u00e3o conceitos e pr\u00e1ticas relacionadas \u00e0 \u00e1rea de inform\u00e1tica, tais como programa\u00e7\u00e3o, banco de dados, redes de computadores, sistemas operacionais, desenvolvimento de software, entre outros. Al\u00e9m disso, desenvolver\u00e3o habilidades t\u00e9cnicas e profissionais essenciais para atuar no mercado de trabalho na \u00e1rea de tecnologia da informa\u00e7\u00e3o.\t\t\t\t\t<\/p>\n\t\t\t\t\n\t\t\t<\/div>\n\t\t\t\n\t\t<\/div>\n\t\t\t\t\t\t<\/div>\n\t\t\t\t<\/div>\n\t\t\t\t<div class=\"elementor-element elementor-element-2ab8a74 elementor-widget elementor-widget-button\" data-id=\"2ab8a74\" data-element_type=\"widget\" data-widget_type=\"button.default\">\n\t\t\t\t<div class=\"elementor-widget-container\">\n\t\t\t\t\t\t\t\t\t<div class=\"elementor-button-wrapper\">\n\t\t\t\t\t<a class=\"elementor-button elementor-button-link elementor-size-sm\" href=\"#\">\n\t\t\t\t\t\t<span class=\"elementor-button-content-wrapper\">\n\t\t\t\t\t\t\t\t\t<span class=\"elementor-button-text\">Plano de curso<\/span>\n\t\t\t\t\t<\/span>\n\t\t\t\t\t<\/a>\n\t\t\t\t<\/div>\n\t\t\t\t\t\t\t\t<\/div>\n\t\t\t\t<\/div>\n\t\t\t\t\t<\/div>\n\t\t\t\t<\/div>\n\t\t\t\t<\/div>\n\t\t","protected":false},"excerpt":{"rendered":"<p>T\u00e9cnicos a Dist\u00e2ncia Um curso t\u00e9cnico a dist\u00e2ncia \u00e9 uma modalidade de ensino que oferece forma\u00e7\u00e3o profissional em uma determinada \u00e1rea, por\u00e9m, diferentemente dos cursos presenciais, as aulas e atividades s\u00e3o realizadas remotamente, por meio da internet e cada disciplina oferece 20% de sua carga-hor\u00e1ria presencialmente. Essa modalidade de ensino permite que os estudantes tenham [&hellip;]<\/p>\n","protected":false},"author":1,"featured_media":0,"parent":0,"menu_order":0,"comment_status":"closed","ping_status":"closed","template":"elementor_header_footer","meta":{"footnotes":""},"class_list":["post-56","page","type-page","status-publish","hentry"],"aioseo_notices":[],"_links":{"self":[{"href":"https:\/\/etcdf.com.br\/index.php?rest_route=\/wp\/v2\/pages\/56","targetHints":{"allow":["GET"]}}],"collection":[{"href":"https:\/\/etcdf.com.br\/index.php?rest_route=\/wp\/v2\/pages"}],"about":[{"href":"https:\/\/etcdf.com.br\/index.php?rest_route=\/wp\/v2\/types\/page"}],"author":[{"embeddable":true,"href":"https:\/\/etcdf.com.br\/index.php?rest_route=\/wp\/v2\/users\/1"}],"replies":[{"embeddable":true,"href":"https:\/\/etcdf.com.br\/index.php?rest_route=%2Fwp%2Fv2%2Fcomments&post=56"}],"version-history":[{"count":85,"href":"https:\/\/etcdf.com.br\/index.php?rest_route=\/wp\/v2\/pages\/56\/revisions"}],"predecessor-version":[{"id":649,"href":"https:\/\/etcdf.com.br\/index.php?rest_route=\/wp\/v2\/pages\/56\/revisions\/649"}],"wp:attachment":[{"href":"https:\/\/etcdf.com.br\/index.php?rest_route=%2Fwp%2Fv2%2Fmedia&parent=56"}],"curies":[{"name":"wp","href":"https:\/\/api.w.org\/{rel}","templated":true}]}}