{"id":58,"date":"2023-04-21T23:19:57","date_gmt":"2023-04-22T02:19:57","guid":{"rendered":"http:\/\/localhost:3000\/?page_id=58"},"modified":"2023-06-01T10:44:41","modified_gmt":"2023-06-01T13:44:41","slug":"formacao-inicial-e-continuada","status":"publish","type":"page","link":"https:\/\/etcdf.com.br\/?page_id=58","title":{"rendered":"Forma\u00e7\u00e3o Inicial e Continuada"},"content":{"rendered":"\t\t<div data-elementor-type=\"wp-page\" data-elementor-id=\"58\" class=\"elementor elementor-58\">\n\t\t\t\t<div class=\"elementor-element elementor-element-6d087ec e-flex e-con-boxed e-con e-parent\" data-id=\"6d087ec\" data-element_type=\"container\" data-settings=\"{&quot;background_background&quot;:&quot;classic&quot;}\">\n\t\t\t\t\t<div class=\"e-con-inner\">\n\t\t\t\t<div class=\"elementor-element elementor-element-f46486d elementor-widget elementor-widget-heading\" data-id=\"f46486d\" data-element_type=\"widget\" data-widget_type=\"heading.default\">\n\t\t\t\t<div class=\"elementor-widget-container\">\n\t\t\t\t\t<h2 class=\"elementor-heading-title elementor-size-default\">Forma\u00e7\u00e3o Inicial e Continuada<\/h2>\t\t\t\t<\/div>\n\t\t\t\t<\/div>\n\t\t\t\t\t<\/div>\n\t\t\t\t<\/div>\n\t\t<div class=\"elementor-element elementor-element-04d69e3 e-flex e-con-boxed e-con e-parent\" data-id=\"04d69e3\" data-element_type=\"container\">\n\t\t\t\t\t<div class=\"e-con-inner\">\n\t\t<div class=\"elementor-element elementor-element-2eeff67 e-con-full e-flex e-con e-parent\" data-id=\"2eeff67\" data-element_type=\"container\">\n\t\t\t\t<div class=\"elementor-element elementor-element-54b64d4 elementor-widget elementor-widget-text-editor\" data-id=\"54b64d4\" data-element_type=\"widget\" data-widget_type=\"text-editor.default\">\n\t\t\t\t<div class=\"elementor-widget-container\">\n\t\t\t\t\t\t\t\t\t<p>Os cursos de Forma\u00e7\u00e3o Inicial e Continuada tem como objetivo principal fornecer conhecimentos e habilidades espec\u00edficas para uma determinada \u00e1rea de atua\u00e7\u00e3o ou ocupa\u00e7\u00e3o profissional.<\/p><p>\u00c9 voltada para pessoas que desejam adquirir conhecimentos iniciais em uma determinada profiss\u00e3o ou campo de estudo. Essa forma\u00e7\u00e3o pode ser \u00fatil para quem est\u00e1 buscando uma nova carreira, quer se atualizar em sua \u00e1rea de atua\u00e7\u00e3o ou pretende adquirir habilidades b\u00e1sicas para o mercado de trabalho.<\/p><p>Esses cursos geralmente t\u00eam um foco pr\u00e1tico e direcionado para atender \u00e0s demandas do mercado de trabalho, oferecendo aos participantes habilidades espec\u00edficas e conhecimentos aplic\u00e1veis em sua \u00e1rea de interesse.<\/p>\t\t\t\t\t\t\t\t<\/div>\n\t\t\t\t<\/div>\n\t\t\t\t<\/div>\n\t\t<div class=\"elementor-element elementor-element-bb9a972 e-con-full e-flex e-con e-parent\" data-id=\"bb9a972\" data-element_type=\"container\">\n\t\t\t\t<div class=\"elementor-element elementor-element-9759bf8 elementor-widget elementor-widget-image\" data-id=\"9759bf8\" data-element_type=\"widget\" data-widget_type=\"image.default\">\n\t\t\t\t<div class=\"elementor-widget-container\">\n\t\t\t\t\t\t\t\t\t\t\t\t\t\t\t<img fetchpriority=\"high\" decoding=\"async\" width=\"300\" height=\"300\" src=\"https:\/\/etcdf.com.br\/wp-content\/uploads\/2023\/05\/fic3-300x300.png\" class=\"attachment-medium size-medium wp-image-248\" alt=\"\" srcset=\"https:\/\/etcdf.com.br\/wp-content\/uploads\/2023\/05\/fic3-300x300.png 300w, https:\/\/etcdf.com.br\/wp-content\/uploads\/2023\/05\/fic3-150x150.png 150w, https:\/\/etcdf.com.br\/wp-content\/uploads\/2023\/05\/fic3.png 500w\" sizes=\"(max-width: 300px) 100vw, 300px\" \/>\t\t\t\t\t\t\t\t\t\t\t\t\t\t\t<\/div>\n\t\t\t\t<\/div>\n\t\t\t\t<\/div>\n\t\t\t\t\t<\/div>\n\t\t\t\t<\/div>\n\t\t<div class=\"elementor-element elementor-element-ea44625 e-flex e-con-boxed e-con e-parent\" data-id=\"ea44625\" data-element_type=\"container\">\n\t\t\t\t\t<div class=\"e-con-inner\">\n\t\t\t\t<div class=\"elementor-element elementor-element-d78c794 elementor-widget__width-initial elementor-widget elementor-widget-icon-box\" data-id=\"d78c794\" data-element_type=\"widget\" data-widget_type=\"icon-box.default\">\n\t\t\t\t<div class=\"elementor-widget-container\">\n\t\t\t\t\t\t\t<div class=\"elementor-icon-box-wrapper\">\n\n\t\t\t\n\t\t\t\t\t\t<div class=\"elementor-icon-box-content\">\n\n\t\t\t\t\t\t\t\t\t<h3 class=\"elementor-icon-box-title\">\n\t\t\t\t\t\t<span  >\n\t\t\t\t\t\t\tAssistente Administrativo\t\t\t\t\t\t<\/span>\n\t\t\t\t\t<\/h3>\n\t\t\t\t\n\t\t\t\t\t\t\t\t\t<p class=\"elementor-icon-box-description\">\n\t\t\t\t\t\t\u00c9 fornecer aos alunos uma compreens\u00e3o abrangente das principais atividades e responsabilidades relacionadas ao trabalho em um ambiente administrativo.\n\t\t\t\t\t<\/p>\n\t\t\t\t\n\t\t\t<\/div>\n\t\t\t\n\t\t<\/div>\n\t\t\t\t\t\t<\/div>\n\t\t\t\t<\/div>\n\t\t\t\t<div class=\"elementor-element elementor-element-a3f7fa6 elementor-widget__width-initial elementor-widget elementor-widget-icon-box\" data-id=\"a3f7fa6\" data-element_type=\"widget\" data-widget_type=\"icon-box.default\">\n\t\t\t\t<div class=\"elementor-widget-container\">\n\t\t\t\t\t\t\t<div class=\"elementor-icon-box-wrapper\">\n\n\t\t\t\n\t\t\t\t\t\t<div class=\"elementor-icon-box-content\">\n\n\t\t\t\t\t\t\t\t\t<h3 class=\"elementor-icon-box-title\">\n\t\t\t\t\t\t<span  >\n\t\t\t\t\t\t\tAssistente de Recursos Humanos\t\t\t\t\t\t<\/span>\n\t\t\t\t\t<\/h3>\n\t\t\t\t\n\t\t\t\t\t\t\t\t\t<p class=\"elementor-icon-box-description\">\n\t\t\t\t\t\t\u00c9 proporcionar aos alunos uma compreens\u00e3o abrangente das principais atividades e responsabilidades relacionadas ao trabalho em um departamento de RH\t\t\t\t\t<\/p>\n\t\t\t\t\n\t\t\t<\/div>\n\t\t\t\n\t\t<\/div>\n\t\t\t\t\t\t<\/div>\n\t\t\t\t<\/div>\n\t\t\t\t<div class=\"elementor-element elementor-element-6cc8a13 elementor-widget__width-initial elementor-widget elementor-widget-icon-box\" data-id=\"6cc8a13\" data-element_type=\"widget\" data-widget_type=\"icon-box.default\">\n\t\t\t\t<div class=\"elementor-widget-container\">\n\t\t\t\t\t\t\t<div class=\"elementor-icon-box-wrapper\">\n\n\t\t\t\n\t\t\t\t\t\t<div class=\"elementor-icon-box-content\">\n\n\t\t\t\t\t\t\t\t\t<h3 class=\"elementor-icon-box-title\">\n\t\t\t\t\t\t<span  >\n\t\t\t\t\t\t\tBarbeiro\t\t\t\t\t\t<\/span>\n\t\t\t\t\t<\/h3>\n\t\t\t\t\n\t\t\t\t\t\t\t\t\t<p class=\"elementor-icon-box-description\">\n\t\t\t\t\t\t\u00c9 proporcionar aos alunos uma compreens\u00e3o abrangente das t\u00e9cnicas de barbearia, incluindo corte de cabelo masculino, barba e cuidados com a pele do rosto.\t\t\t\t\t<\/p>\n\t\t\t\t\n\t\t\t<\/div>\n\t\t\t\n\t\t<\/div>\n\t\t\t\t\t\t<\/div>\n\t\t\t\t<\/div>\n\t\t\t\t\t<\/div>\n\t\t\t\t<\/div>\n\t\t<div class=\"elementor-element elementor-element-c53ab32 e-flex e-con-boxed e-con e-parent\" data-id=\"c53ab32\" data-element_type=\"container\">\n\t\t\t\t\t<div class=\"e-con-inner\">\n\t\t\t\t<div class=\"elementor-element elementor-element-dd82d0d elementor-widget__width-initial elementor-widget elementor-widget-icon-box\" data-id=\"dd82d0d\" data-element_type=\"widget\" data-widget_type=\"icon-box.default\">\n\t\t\t\t<div class=\"elementor-widget-container\">\n\t\t\t\t\t\t\t<div class=\"elementor-icon-box-wrapper\">\n\n\t\t\t\n\t\t\t\t\t\t<div class=\"elementor-icon-box-content\">\n\n\t\t\t\t\t\t\t\t\t<h3 class=\"elementor-icon-box-title\">\n\t\t\t\t\t\t<span  >\n\t\t\t\t\t\t\tCabeleireiro\t\t\t\t\t\t<\/span>\n\t\t\t\t\t<\/h3>\n\t\t\t\t\n\t\t\t\t\t\t\t\t\t<p class=\"elementor-icon-box-description\">\n\t\t\t\t\t\t\u00c9 proporcionar aos alunos uma compreens\u00e3o abrangente das t\u00e9cnicas de cuidados e estiliza\u00e7\u00e3o de cabelo\t\t\t\t\t<\/p>\n\t\t\t\t\n\t\t\t<\/div>\n\t\t\t\n\t\t<\/div>\n\t\t\t\t\t\t<\/div>\n\t\t\t\t<\/div>\n\t\t\t\t<div class=\"elementor-element elementor-element-4535191 elementor-widget__width-initial elementor-widget elementor-widget-icon-box\" data-id=\"4535191\" data-element_type=\"widget\" data-widget_type=\"icon-box.default\">\n\t\t\t\t<div class=\"elementor-widget-container\">\n\t\t\t\t\t\t\t<div class=\"elementor-icon-box-wrapper\">\n\n\t\t\t\n\t\t\t\t\t\t<div class=\"elementor-icon-box-content\">\n\n\t\t\t\t\t\t\t\t\t<h3 class=\"elementor-icon-box-title\">\n\t\t\t\t\t\t<span  >\n\t\t\t\t\t\t\tCostureiro Industrial do Vestu\u00e1rio\t\t\t\t\t\t<\/span>\n\t\t\t\t\t<\/h3>\n\t\t\t\t\n\t\t\t\t\t\t\t\t\t<p class=\"elementor-icon-box-description\">\n\t\t\t\t\t\t\u00c9 proporcionar aos alunos uma compreens\u00e3o abrangente das t\u00e9cnicas de costura industrial utilizadas na produ\u00e7\u00e3o de roupas em larga escala.\t\t\t\t\t<\/p>\n\t\t\t\t\n\t\t\t<\/div>\n\t\t\t\n\t\t<\/div>\n\t\t\t\t\t\t<\/div>\n\t\t\t\t<\/div>\n\t\t\t\t<div class=\"elementor-element elementor-element-ce5ce50 elementor-widget__width-initial elementor-widget elementor-widget-icon-box\" data-id=\"ce5ce50\" data-element_type=\"widget\" data-widget_type=\"icon-box.default\">\n\t\t\t\t<div class=\"elementor-widget-container\">\n\t\t\t\t\t\t\t<div class=\"elementor-icon-box-wrapper\">\n\n\t\t\t\n\t\t\t\t\t\t<div class=\"elementor-icon-box-content\">\n\n\t\t\t\t\t\t\t\t\t<h3 class=\"elementor-icon-box-title\">\n\t\t\t\t\t\t<span  >\n\t\t\t\t\t\t\tManicure e Pedicure\t\t\t\t\t\t<\/span>\n\t\t\t\t\t<\/h3>\n\t\t\t\t\n\t\t\t\t\t\t\t\t\t<p class=\"elementor-icon-box-description\">\n\t\t\t\t\t\t\u00c9 proporcionar aos alunos uma compreens\u00e3o abrangente das t\u00e9cnicas e procedimentos necess\u00e1rios para realizar servi\u00e7os de manicure e pedicure profissionalmente.\t\t\t\t\t<\/p>\n\t\t\t\t\n\t\t\t<\/div>\n\t\t\t\n\t\t<\/div>\n\t\t\t\t\t\t<\/div>\n\t\t\t\t<\/div>\n\t\t\t\t\t<\/div>\n\t\t\t\t<\/div>\n\t\t<div class=\"elementor-element elementor-element-54073fc e-flex e-con-boxed e-con e-parent\" data-id=\"54073fc\" data-element_type=\"container\">\n\t\t\t\t\t<div class=\"e-con-inner\">\n\t\t\t\t<div class=\"elementor-element elementor-element-e73f5d5 elementor-widget__width-initial elementor-widget elementor-widget-icon-box\" data-id=\"e73f5d5\" data-element_type=\"widget\" data-widget_type=\"icon-box.default\">\n\t\t\t\t<div class=\"elementor-widget-container\">\n\t\t\t\t\t\t\t<div class=\"elementor-icon-box-wrapper\">\n\n\t\t\t\n\t\t\t\t\t\t<div class=\"elementor-icon-box-content\">\n\n\t\t\t\t\t\t\t\t\t<h3 class=\"elementor-icon-box-title\">\n\t\t\t\t\t\t<span  >\n\t\t\t\t\t\t\tMarceneiro\t\t\t\t\t\t<\/span>\n\t\t\t\t\t<\/h3>\n\t\t\t\t\n\t\t\t\t\t\t\t\t\t<p class=\"elementor-icon-box-description\">\n\t\t\t\t\t\t\u00c9 proporcionar aos alunos uma compreens\u00e3o abrangente das t\u00e9cnicas e pr\u00e1ticas utilizadas na marcenaria, desde a constru\u00e7\u00e3o de m\u00f3veis at\u00e9 o acabamento final.\t\t\t\t\t<\/p>\n\t\t\t\t\n\t\t\t<\/div>\n\t\t\t\n\t\t<\/div>\n\t\t\t\t\t\t<\/div>\n\t\t\t\t<\/div>\n\t\t\t\t<div class=\"elementor-element elementor-element-d635bd8 elementor-widget__width-initial elementor-widget elementor-widget-icon-box\" data-id=\"d635bd8\" data-element_type=\"widget\" data-widget_type=\"icon-box.default\">\n\t\t\t\t<div class=\"elementor-widget-container\">\n\t\t\t\t\t\t\t<div class=\"elementor-icon-box-wrapper\">\n\n\t\t\t\n\t\t\t\t\t\t<div class=\"elementor-icon-box-content\">\n\n\t\t\t\t\t\t\t\t\t<h3 class=\"elementor-icon-box-title\">\n\t\t\t\t\t\t<span  >\n\t\t\t\t\t\t\tRob\u00f3tica\t\t\t\t\t\t<\/span>\n\t\t\t\t\t<\/h3>\n\t\t\t\t\n\t\t\t\t\t\t\t\t\t<p class=\"elementor-icon-box-description\">\n\t\t\t\t\t\t\u00c9 proporcionar aos alunos uma compreens\u00e3o abrangente dos princ\u00edpios e conceitos fundamentais da rob\u00f3tica, bem como a capacidade de construir alguns exemplos simples.\t\t\t\t\t<\/p>\n\t\t\t\t\n\t\t\t<\/div>\n\t\t\t\n\t\t<\/div>\n\t\t\t\t\t\t<\/div>\n\t\t\t\t<\/div>\n\t\t\t\t<div class=\"elementor-element elementor-element-fab444b elementor-widget__width-initial elementor-widget elementor-widget-icon-box\" data-id=\"fab444b\" data-element_type=\"widget\" data-widget_type=\"icon-box.default\">\n\t\t\t\t<div class=\"elementor-widget-container\">\n\t\t\t\t\t\t\t<div class=\"elementor-icon-box-wrapper\">\n\n\t\t\t\n\t\t\t\t\t\t<div class=\"elementor-icon-box-content\">\n\n\t\t\t\t\t\t\t\t\t<h3 class=\"elementor-icon-box-title\">\n\t\t\t\t\t\t<span  >\n\t\t\t\t\t\t\tMontador e Reparador de Computador\t\t\t\t\t\t<\/span>\n\t\t\t\t\t<\/h3>\n\t\t\t\t\n\t\t\t\t\t\t\t\t\t<p class=\"elementor-icon-box-description\">\n\t\t\t\t\t\t\u00c9 proporcionar aos alunos uma compreens\u00e3o abrangente dos componentes de hardware de um computador, al\u00e9m de desenvolver habilidades pr\u00e1ticas para montagem, instala\u00e7\u00e3o de software e solu\u00e7\u00e3o de problemas.\t\t\t\t\t<\/p>\n\t\t\t\t\n\t\t\t<\/div>\n\t\t\t\n\t\t<\/div>\n\t\t\t\t\t\t<\/div>\n\t\t\t\t<\/div>\n\t\t\t\t\t<\/div>\n\t\t\t\t<\/div>\n\t\t<div class=\"elementor-element elementor-element-634f637 e-flex e-con-boxed e-con e-parent\" data-id=\"634f637\" data-element_type=\"container\">\n\t\t\t\t\t<div class=\"e-con-inner\">\n\t\t\t\t<div class=\"elementor-element elementor-element-9fdb58d elementor-widget__width-initial elementor-widget elementor-widget-icon-box\" data-id=\"9fdb58d\" data-element_type=\"widget\" data-widget_type=\"icon-box.default\">\n\t\t\t\t<div class=\"elementor-widget-container\">\n\t\t\t\t\t\t\t<div class=\"elementor-icon-box-wrapper\">\n\n\t\t\t\n\t\t\t\t\t\t<div class=\"elementor-icon-box-content\">\n\n\t\t\t\t\t\t\t\t\t<h3 class=\"elementor-icon-box-title\">\n\t\t\t\t\t\t<span  >\n\t\t\t\t\t\t\tOperador de Computador\t\t\t\t\t\t<\/span>\n\t\t\t\t\t<\/h3>\n\t\t\t\t\n\t\t\t\t\t\t\t\t\t<p class=\"elementor-icon-box-description\">\n\t\t\t\t\t\t\u00c9 proporcionar aos alunos uma compreens\u00e3o abrangente das principais ferramentas e pr\u00e1ticas necess\u00e1rias para utilizar um computador no ambiente profissional ou pessoal.\t\t\t\t\t<\/p>\n\t\t\t\t\n\t\t\t<\/div>\n\t\t\t\n\t\t<\/div>\n\t\t\t\t\t\t<\/div>\n\t\t\t\t<\/div>\n\t\t\t\t<div class=\"elementor-element elementor-element-63fb285 elementor-widget__width-initial elementor-widget elementor-widget-icon-box\" data-id=\"63fb285\" data-element_type=\"widget\" data-widget_type=\"icon-box.default\">\n\t\t\t\t<div class=\"elementor-widget-container\">\n\t\t\t\t\t\t\t<div class=\"elementor-icon-box-wrapper\">\n\n\t\t\t\n\t\t\t\t\t\t<div class=\"elementor-icon-box-content\">\n\n\t\t\t\t\t\t\t\t\t<h3 class=\"elementor-icon-box-title\">\n\t\t\t\t\t\t<span  >\n\t\t\t\t\t\t\tProgramador WEB\t\t\t\t\t\t<\/span>\n\t\t\t\t\t<\/h3>\n\t\t\t\t\n\t\t\t\t\t\t\t\t\t<p class=\"elementor-icon-box-description\">\n\t\t\t\t\t\t\u00c9 proporcionar aos alunos uma compreens\u00e3o abrangente das tecnologias e pr\u00e1ticas utilizadas no desenvolvimento de sites e aplica\u00e7\u00f5es web, bem como a capacidade de construir e programar p\u00e1ginas web interativas. \t\t\t\t\t<\/p>\n\t\t\t\t\n\t\t\t<\/div>\n\t\t\t\n\t\t<\/div>\n\t\t\t\t\t\t<\/div>\n\t\t\t\t<\/div>\n\t\t\t\t<div class=\"elementor-element elementor-element-e3155a2 elementor-widget__width-initial elementor-widget elementor-widget-icon-box\" data-id=\"e3155a2\" data-element_type=\"widget\" data-widget_type=\"icon-box.default\">\n\t\t\t\t<div class=\"elementor-widget-container\">\n\t\t\t\t\t\t\t<div class=\"elementor-icon-box-wrapper\">\n\n\t\t\t\n\t\t\t\t\t\t<div class=\"elementor-icon-box-content\">\n\n\t\t\t\t\t\t\t\t\t<h3 class=\"elementor-icon-box-title\">\n\t\t\t\t\t\t<span  >\n\t\t\t\t\t\t\tProgramador de Sistemas\t\t\t\t\t\t<\/span>\n\t\t\t\t\t<\/h3>\n\t\t\t\t\n\t\t\t\t\t\t\t\t\t<p class=\"elementor-icon-box-description\">\n\t\t\t\t\t\t\u00c9 proporcionar aos alunos uma compreens\u00e3o abrangente das tecnologias, linguagens de programa\u00e7\u00e3o e pr\u00e1ticas utilizadas no desenvolvimento de sistemas de software, bem como a capacidade de projetar, implementar e testar programas de computador.\t\t\t\t\t<\/p>\n\t\t\t\t\n\t\t\t<\/div>\n\t\t\t\n\t\t<\/div>\n\t\t\t\t\t\t<\/div>\n\t\t\t\t<\/div>\n\t\t\t\t\t<\/div>\n\t\t\t\t<\/div>\n\t\t\t\t<\/div>\n\t\t","protected":false},"excerpt":{"rendered":"<p>Forma\u00e7\u00e3o Inicial e Continuada Os cursos de Forma\u00e7\u00e3o Inicial e Continuada tem como objetivo principal fornecer conhecimentos e habilidades espec\u00edficas para uma determinada \u00e1rea de atua\u00e7\u00e3o ou ocupa\u00e7\u00e3o profissional. \u00c9 voltada para pessoas que desejam adquirir conhecimentos iniciais em uma determinada profiss\u00e3o ou campo de estudo. Essa forma\u00e7\u00e3o pode ser \u00fatil para quem est\u00e1 buscando [&hellip;]<\/p>\n","protected":false},"author":1,"featured_media":0,"parent":0,"menu_order":0,"comment_status":"closed","ping_status":"closed","template":"elementor_header_footer","meta":{"footnotes":""},"class_list":["post-58","page","type-page","status-publish","hentry"],"aioseo_notices":[],"_links":{"self":[{"href":"https:\/\/etcdf.com.br\/index.php?rest_route=\/wp\/v2\/pages\/58","targetHints":{"allow":["GET"]}}],"collection":[{"href":"https:\/\/etcdf.com.br\/index.php?rest_route=\/wp\/v2\/pages"}],"about":[{"href":"https:\/\/etcdf.com.br\/index.php?rest_route=\/wp\/v2\/types\/page"}],"author":[{"embeddable":true,"href":"https:\/\/etcdf.com.br\/index.php?rest_route=\/wp\/v2\/users\/1"}],"replies":[{"embeddable":true,"href":"https:\/\/etcdf.com.br\/index.php?rest_route=%2Fwp%2Fv2%2Fcomments&post=58"}],"version-history":[{"count":28,"href":"https:\/\/etcdf.com.br\/index.php?rest_route=\/wp\/v2\/pages\/58\/revisions"}],"predecessor-version":[{"id":609,"href":"https:\/\/etcdf.com.br\/index.php?rest_route=\/wp\/v2\/pages\/58\/revisions\/609"}],"wp:attachment":[{"href":"https:\/\/etcdf.com.br\/index.php?rest_route=%2Fwp%2Fv2%2Fmedia&parent=58"}],"curies":[{"name":"wp","href":"https:\/\/api.w.org\/{rel}","templated":true}]}}